{"id":2267,"date":"2023-03-30T19:52:39","date_gmt":"2023-03-30T19:52:39","guid":{"rendered":"https:\/\/stigeblomster.dk\/?page_id=2267"},"modified":"2023-04-18T16:59:54","modified_gmt":"2023-04-18T16:59:54","slug":"handelsbetingelser","status":"publish","type":"page","link":"https:\/\/stige-blomster.dk\/index.php\/handelsbetingelser\/","title":{"rendered":"Handelsbetingelser"},"content":{"rendered":"\t\t<div data-elementor-type=\"wp-page\" data-elementor-id=\"2267\" class=\"elementor elementor-2267\" data-elementor-post-type=\"page\">\n\t\t\t\t\t\t<section class=\"elementor-section elementor-top-section elementor-element elementor-element-9740c27 elementor-section-boxed elementor-section-height-default elementor-section-height-default\" data-id=\"9740c27\" data-element_type=\"section\" data-e-type=\"section\">\n\t\t\t\t\t\t<div class=\"elementor-container elementor-column-gap-default\">\n\t\t\t\t\t<div class=\"elementor-column elementor-col-100 elementor-top-column elementor-element elementor-element-4dc6c67\" data-id=\"4dc6c67\" data-element_type=\"column\" data-e-type=\"column\">\n\t\t\t<div class=\"elementor-widget-wrap elementor-element-populated\">\n\t\t\t\t\t\t<div class=\"elementor-element elementor-element-4f6cfab elementor-widget elementor-widget-text-editor\" data-id=\"4f6cfab\" data-element_type=\"widget\" data-e-type=\"widget\" data-widget_type=\"text-editor.default\">\n\t\t\t\t<div class=\"elementor-widget-container\">\n\t\t\t\t\t\t\t\t\t<h2>Handelsbetingelser<\/h2><p>Ved k\u00f8b p\u00e5 Stige Blomsters hjemmeside <a href=\"http:\/\/www.stigeblomster.dk\">www.stigeblomster.dk<\/a> g\u00e6lder f\u00f8lgende betingelser. Aftale om k\u00f8b af varer kan ikke annulleres eller afbestilles, da blomster er af organisk materiale og derfor letford\u00e6rvelige varer.<\/p><p>Alle varer bestilles til afhentning p\u00e5 Stige Blomster, Kirkegyden 80, 5270 Odense N. Alle varer bestilt inden kl. 12.00 onsdag er klar til udlevering f\u00f8rstkommende fredag fra 10-17. Udlevering kan kun ske p\u00e5 fredage. Skulle du bliver forhindret i afhentning bedes du kontakte os p\u00e5 kontakt@stigeblomster.dk<\/p><p>Er varen imod forventning af en s\u00e5dan beskaffenhed, at den m\u00e5 vurderes ikke at overholde det lovede, skal dette meddeles ved afhentning. Hvor vi er behj\u00e6lpelige med at finde en l\u00f8sning p\u00e5 problemet eller pengene retur. Vi \u00f8nsker altid tilfredse kunder!\u00a0<\/p><p><strong>S\u00e6rligt om Ja Tak tilbud!<\/strong><\/p><p>Overs\u00e6sonen fra midt april til midt juni k\u00f8rer vi hver uge et eller flere Ja Tak tilbud p\u00e5 Facebook.\u00a0<\/p><p>S\u00e5dan her foreg\u00e5r det. Vi har et opslag med Ja Tak tilbud. Du svarer Ja Tak i kommentarfeltet, hvis du vil k\u00f8be tilbuddet. Vi sender dig et link til kurven, hvor du udfylder dine detaljer og bliver omdirigeret til vores betaling og betalingen bliver reserveret p\u00e5 dit kort. Varen hentes n\u00e6stf\u00f8lgende fredag fra 10-17 p\u00e5 Stige Blomsters adresse :\u00a0 Kirkegyden 80, 5270 Odense N.<\/p><p>Efter afhentning p\u00e5 adressen gennemf\u00f8res k\u00f8bet endeligt. Hvis du imod forventning bliver forhindret i at afhente dit tilbud da bedes du skrive p\u00e5 kontakt@stigeblomster.dk. H\u00f8rer vi intet fra dig og afhenter du ikke din varer bliver ordren stadig gennemf\u00f8rt.<\/p><p>\u00d8nsker du at l\u00e6se mere om\u00a0 hvordan vi opbevarer dine data henviser vi til sidens <a href=\"https:\/\/stigeblomster.dk\/index.php\/privacy-policy\/\">privatlivspolitik\u00a0<\/a><\/p>\t\t\t\t\t\t\t\t<\/div>\n\t\t\t\t<\/div>\n\t\t\t\t\t<\/div>\n\t\t<\/div>\n\t\t\t\t\t<\/div>\n\t\t<\/section>\n\t\t\t\t<\/div>\n\t\t","protected":false},"excerpt":{"rendered":"<p>Handelsbetingelser Ved k\u00f8b p\u00e5 Stige Blomsters hjemmeside www.stigeblomster.dk g\u00e6lder f\u00f8lgende betingelser. Aftale om k\u00f8b af varer kan ikke annulleres eller afbestilles, da blomster er af organisk materiale og derfor letford\u00e6rvelige varer. Alle varer bestilles til afhentning p\u00e5 Stige Blomster, Kirkegyden 80, 5270 Odense N. Alle varer bestilt inden kl. 12.00 onsdag er klar til udlevering [&hellip;]<\/p>\n","protected":false},"author":1,"featured_media":0,"parent":0,"menu_order":0,"comment_status":"closed","ping_status":"closed","template":"","meta":{"site-sidebar-layout":"no-sidebar","site-content-layout":"page-builder","ast-site-content-layout":"","site-content-style":"default","site-sidebar-style":"default","ast-global-header-display":"","ast-banner-title-visibility":"","ast-main-header-display":"","ast-hfb-above-header-display":"","ast-hfb-below-header-display":"","ast-hfb-mobile-header-display":"","site-post-title":"disabled","ast-breadcrumbs-content":"","ast-featured-img":"disabled","footer-sml-layout":"","theme-transparent-header-meta":"","adv-header-id-meta":"","stick-header-meta":"","header-above-stick-meta":"","header-main-stick-meta":"","header-below-stick-meta":"","astra-migrate-meta-layouts":"default","ast-page-background-enabled":"default","ast-page-background-meta":{"desktop":{"background-color":"var(--ast-global-color-4)","background-image":"","background-repeat":"repeat","background-position":"center center","background-size":"auto","background-attachment":"scroll","background-type":"","background-media":"","overlay-type":"","overlay-color":"","overlay-opacity":"","overlay-gradient":""},"tablet":{"background-color":"","background-image":"","background-repeat":"repeat","background-position":"center center","background-size":"auto","background-attachment":"scroll","background-type":"","background-media":"","overlay-type":"","overlay-color":"","overlay-opacity":"","overlay-gradient":""},"mobile":{"background-color":"","background-image":"","background-repeat":"repeat","background-position":"center center","background-size":"auto","background-attachment":"scroll","background-type":"","background-media":"","overlay-type":"","overlay-color":"","overlay-opacity":"","overlay-gradient":""}},"ast-content-background-meta":{"desktop":{"background-color":"var(--ast-global-color-5)","background-image":"","background-repeat":"repeat","background-position":"center center","background-size":"auto","background-attachment":"scroll","background-type":"","background-media":"","overlay-type":"","overlay-color":"","overlay-opacity":"","overlay-gradient":""},"tablet":{"background-color":"var(--ast-global-color-5)","background-image":"","background-repeat":"repeat","background-position":"center center","background-size":"auto","background-attachment":"scroll","background-type":"","background-media":"","overlay-type":"","overlay-color":"","overlay-opacity":"","overlay-gradient":""},"mobile":{"background-color":"var(--ast-global-color-5)","background-image":"","background-repeat":"repeat","background-position":"center center","background-size":"auto","background-attachment":"scroll","background-type":"","background-media":"","overlay-type":"","overlay-color":"","overlay-opacity":"","overlay-gradient":""}},"footnotes":""},"class_list":["post-2267","page","type-page","status-publish","hentry"],"_links":{"self":[{"href":"https:\/\/stige-blomster.dk\/index.php\/wp-json\/wp\/v2\/pages\/2267","targetHints":{"allow":["GET"]}}],"collection":[{"href":"https:\/\/stige-blomster.dk\/index.php\/wp-json\/wp\/v2\/pages"}],"about":[{"href":"https:\/\/stige-blomster.dk\/index.php\/wp-json\/wp\/v2\/types\/page"}],"author":[{"embeddable":true,"href":"https:\/\/stige-blomster.dk\/index.php\/wp-json\/wp\/v2\/users\/1"}],"replies":[{"embeddable":true,"href":"https:\/\/stige-blomster.dk\/index.php\/wp-json\/wp\/v2\/comments?post=2267"}],"version-history":[{"count":25,"href":"https:\/\/stige-blomster.dk\/index.php\/wp-json\/wp\/v2\/pages\/2267\/revisions"}],"predecessor-version":[{"id":2409,"href":"https:\/\/stige-blomster.dk\/index.php\/wp-json\/wp\/v2\/pages\/2267\/revisions\/2409"}],"wp:attachment":[{"href":"https:\/\/stige-blomster.dk\/index.php\/wp-json\/wp\/v2\/media?parent=2267"}],"curies":[{"name":"wp","href":"https:\/\/api.w.org\/{rel}","templated":true}]}}