{"id":3,"date":"2023-02-13T16:47:05","date_gmt":"2023-02-13T16:47:05","guid":{"rendered":"https:\/\/stige-blomster.dk\/?page_id=3"},"modified":"2023-09-14T12:11:43","modified_gmt":"2023-09-14T12:11:43","slug":"privacy-policy","status":"publish","type":"page","link":"https:\/\/stige-blomster.dk\/index.php\/privacy-policy\/","title":{"rendered":"Cookie og Privatlivspolitik"},"content":{"rendered":"\t\t<div data-elementor-type=\"wp-page\" data-elementor-id=\"3\" class=\"elementor elementor-3\" data-elementor-post-type=\"page\">\n\t\t\t\t\t\t<section class=\"elementor-section elementor-top-section elementor-element elementor-element-6572fe3f elementor-section-boxed elementor-section-height-default elementor-section-height-default\" data-id=\"6572fe3f\" data-element_type=\"section\" data-e-type=\"section\">\n\t\t\t\t\t\t<div class=\"elementor-container elementor-column-gap-default\">\n\t\t\t\t\t<div class=\"elementor-column elementor-col-100 elementor-top-column elementor-element elementor-element-60e19117\" data-id=\"60e19117\" data-element_type=\"column\" data-e-type=\"column\">\n\t\t\t<div class=\"elementor-widget-wrap elementor-element-populated\">\n\t\t\t\t\t\t<div class=\"elementor-element elementor-element-6b583499 elementor-widget elementor-widget-text-editor\" data-id=\"6b583499\" data-element_type=\"widget\" data-e-type=\"widget\" data-widget_type=\"text-editor.default\">\n\t\t\t\t<div class=\"elementor-widget-container\">\n\t\t\t\t\t\t\t\t\t<p>Opdateret 30. marts 2023<\/p><p>Databeskyttelsespolitik for Stige Blomster<\/p><p><strong>Privatlivspolitik for Stige Blomster, Stige blomster er en del af virksomheden<\/strong><\/p><p><strong>Virkelyst ApS<\/strong><\/p><p><strong>Kirkegyden 80<\/strong><\/p><p><strong>\u00a05270 Odense NV<\/strong><\/p><p><strong>CVR NR 27013899<\/strong><\/p><ol><li><strong> Indledning<\/strong><\/li><\/ol><p>Hos Stige Blomster indsamler og anvender vi personoplysninger om vores brugere og kunder.<\/p><p>Form\u00e5let med denne privatlivspolitik er at give dig en letforst\u00e5elig forklaring p\u00e5, hvordan vi anvender dine personoplysninger, hvorn\u00e5r de indsamles, og hvorfor vi g\u00f8r det. Du kan desuden l\u00e6se mere om de rettigheder, som du har i medf\u00f8r af den til enhver tid g\u00e6ldende lovgivning om persondatabeskyttelse.\u00a0<\/p><p>Privatlivspolitikken vil l\u00f8bende blive opdateret s\u00e5ledes, at den altid er i overensstemmelse med lovgivningen og tilpasset vores forretning. Sker der v\u00e6sentlige \u00e6ndringer i vores m\u00e5de at behandle personoplysninger p\u00e5, bliver du orienteret herom.<\/p><ol start=\"2\"><li><strong> Hvem er ansvarlig for dine personoplysninger?<\/strong><\/li><\/ol><p>Stige Blomster, Kirkegyden 80, 5270 Odense NV, cvr. nr. <br \/>27013899 er dataansvarlig for behandlingen af dine personoplysninger.<\/p><p>Hvis du har sp\u00f8rgsm\u00e5l til vores behandling af dine personoplysninger eller \u00f8nsker at g\u00f8re brug af dine rettigheder, kan du altid kontakte os p\u00e5 admin@stigeblomster.dk.<\/p><ol start=\"3\"><li><strong> Hvilke personoplysninger indsamler vi om dig og hvorfor?<\/strong><\/li><\/ol><p>3.1. N\u00e5r du bestiller varer p\u00e5 www.stigeblomster.dk<\/p><p>N\u00e5r du bestiller blomster andre produkter i vores sortiment, behandler vi f\u00f8lgende personoplysninger om dig:<\/p><p>&#8211; Dit navn og e-mailadresse<\/p><p>&#8211; Eventuelt indhold af korttekst<\/p><p>&#8211; Typer og m\u00e6ngden af bestilte varer<\/p><p>&#8211; Betalingsoplysninger<\/p><p>Vi behandler blandt andet disse personoplysninger for, at kunne udlevere din ordre til dig og for at overholde vores retlige forpligtelser efter bogf\u00f8ringsloven.<\/p><p>Oplysninger om varek\u00f8b anvendes ogs\u00e5 til statistik og med henblik p\u00e5 at se, hvilke varer der er de mest relevante for vores brugere.<\/p><p>Lovgrundlaget for at behandle disse personoplysninger er, at behandlingen er n\u00f8dvendig for at efterleve en aftale med dig, jf. persondataforordningens art. 6, stk. 1(b), for at overholde vores retlige forpligtelser, jf. persondataforordningens art. 6, stk. 1(c) og for at kunne forf\u00f8lge vores, dine og modtagerens legitime interesser i at levere din bestilling, jf. persondataforordningens art. 6, stk. 1(f).<\/p><p>3.2. N\u00e5r du modtager blomster eller andre produkter fra Stige Blomster<\/p><p>N\u00e5r du modtager produkter fra Stige Blomster behandler vi dit navn, og de eventuelle personoplysninger, der fremg\u00e5r af bestillingen samt eventuelle oplysninger, som du har anf\u00f8rt vedr\u00f8rende forsendelsen.<\/p><p>Lovgrundlaget for vores behandling af disse personoplysninger er vores, dine og afsenderens legitime interesser i, at levere produktet til dig, jf. persondataforordningens art. 6, stk. 1(f).<\/p><p>3.3. N\u00e5r du bes\u00f8ger vores hjemmeside<\/p><p>N\u00e5r du bes\u00f8ger vores hjemmeside, behandler vi din IP-adresse og din adf\u00e6rd p\u00e5 vores hjemmeside i forbindelse med placering af cookies, hvis du har givet samtykke hertil.<\/p><p>Behandlingen sker med henblik p\u00e5 udarbejdelse af logstatistik for at sikre, at Stige Blomsters hjemmeside altid fremst\u00e5r s\u00e5 brugervenlig som muligt.<\/p><p>Herudover anvender vi din IP-adresse i forbindelse med konstateringen af eventuelt misbrug af vores onlinefaciliteter.<\/p><p>Form\u00e5let med behandlingen af oplysninger om din adf\u00e6rd p\u00e5 vores hjemmeside er desuden, at vi i markedsf\u00f8rings\u00f8jemed kan forudsige brugernes fremtidige adf\u00e6rd p\u00e5 baggrund af tidligere k\u00f8b eller bes\u00f8g p\u00e5 vores hjemmeside, s\u00e5ledes at det altid sikres, at vi kan m\u00e5lrette relevante og skr\u00e6ddersyede tilbud mod det, som vi tror, at vores brugere er interesserede i. Se ogs\u00e5 punkt 14.<\/p><p>Lovgrundlaget for vores behandling af disse personoplysninger er dit samtykke, jf. persondataforordningens art. 6, stk. 1(a) og vores legitime interesse i, at hjemmesiden altid fremst\u00e5r s\u00e5 brugervenlig som muligt, jf. persondataforordningens art. 6, stk. 1(f).<\/p><p>N\u00e5r vi behandler dine personoplysninger p\u00e5 grundlag af dit samtykke, kan du altid tr\u00e6kke dit samtykke tilbage. Du skal dog v\u00e6re opm\u00e6rksom p\u00e5, at det ikke ber\u00f8rer lovligheden af vores behandling frem til tidspunktet, hvor du tr\u00e6kker dit samtykke tilbage.<\/p><p>3.4. Nyhedsbreve og markedsf\u00f8ring<\/p><p>N\u00e5r du k\u00f8ber varer p\u00e5 vores hjemmeside, bliver du tilbudt at tilmelde dig vores nyhedsbreve. Hvis du acceptere og vi sender nyhedsbreve til dig med markedsf\u00f8ring af tilsvarende produkter, behandler vi dit navn og dine kontaktoplysninger. Du kan altid framelde dig let og gebyrfrit ved at f\u00f8lge vejledningen i alle vores nyhedsbreve.<\/p><p>Ved vores direkte markedsf\u00f8ring, fx udsendelse af nyhedsbreve og tilbud, anvender vi dine personoplysninger til at m\u00e5lrette vores kommunikation med dig. Vi tilpasser bl.a. vores markedsf\u00f8ring til dig p\u00e5 baggrund af oplysninger, som vi har indsamlet om dig i forbindelse med dine k\u00f8b af vores ydelser, herunder gennem automatiseret og algoritmisk baseret klassificering af korttekster.<\/p><p>Lovgrundlaget for vores behandling af dine personoplysninger til disse form\u00e5l er vores legitime interesse i altid at kunne levere den bedste service til dig, jf. persondataforordningens art. 6, stk. 1(f) samt markedsf\u00f8ringslovens \u00a7 10, stk. 2.<\/p><p>3.7. Deltagelse i tilfredshedsunders\u00f8gelser og konkurrencer<\/p><p>Hvis du deltager i en tilfredshedsunders\u00f8gelse eller en konkurrence, behandler vi dit navn og dine kontaktoplysninger med det form\u00e5l at kunne gennemf\u00f8re unders\u00f8gelsen eller konkurrencen.<\/p><p>Lovgrundlaget for vores behandling af dine personoplysninger til disse form\u00e5l er vores og din legitime interesse i at gennemf\u00f8re unders\u00f8gelsen eller konkurrencen, jf. persondataforordningens art. 6, stk. 1(f) og eventuelt dit samtykke, jf. persondataforordningens art. 6, stk. 1(a).<\/p><p>N\u00e5r vi behandler dine personoplysninger p\u00e5 grundlag af dit samtykke, kan du altid tr\u00e6kke dit samtykke tilbage. Du skal dog v\u00e6re opm\u00e6rksom p\u00e5, at det ikke ber\u00f8rer lovligheden af vores behandling frem til tidspunktet, hvor du tr\u00e6kker dit samtykke tilbage.<\/p><p>Hvis du \u00f8nsker at tr\u00e6kke dit samtykke tilbage, kan du let og gebyrfrit g\u00f8re dette ved at henvende dig til os via de kontaktoplysninger, som er angivet ovenfor under pkt. 1.<\/p><ol start=\"9\"><li><strong> Hvem videregiver vi dine oplysninger til?<\/strong><\/li><\/ol><p>Dine personoplysninger videregives udelukkende i det omfang, det er n\u00f8dvendigt i forhold til de form\u00e5l, hvortil de er indsamlet. Vi prioriterer sikkerhed ved behandling af personoplysninger meget h\u00f8jt, og forpligter alle databehandlere til at behandle personoplysninger fortroligt og til at tr\u00e6ffe de n\u00f8dvendige tekniske og organisatoriske foranstaltninger mod, at dine personoplysninger behandles i strid med den til en hver tid g\u00e6ldende lov om persondatabeskyttelse.<\/p><p>I det omfang vi overf\u00f8rer dine personoplysninger til tredjelande uden for EU\/E\u00d8S, sikrer vi, at der forud for overf\u00f8rslen er etableret et lovligt overf\u00f8rselsgrundlag, herunder fx ved indg\u00e5else af EU-kommissionens standardkontrakter.<\/p><p>Vi kan fx videregive dine personoplysninger til f\u00f8lgende kategorier af modtagere:<\/p><p>&#8211; Databehandlere, herunder s\u00e6rligt IT- og softwareleverand\u00f8rer<\/p><p>&#8211; \u00d8vrige samarbejdspartnere og leverand\u00f8rer<\/p><p>&#8211; Offentlige myndigheder, serviceleverand\u00f8rer, advokater, revisorer mv.<\/p><p>&#8211; Vi videregiver personoplysninger om afsender og modtager af produkter, som er bestilt p\u00e5 vores hjemmeside, til den relevante Interflora blomsterhandler, som skal levere varen.<\/p><p>&#8211; Vi videregiver desuden de oplysninger, som afsender har anf\u00f8rt om sig selv og i en eventuel korttekst til modtageren af det bestilte produkt.<\/p><ol start=\"11\"><li><strong> Hvor l\u00e6nge opbevarer vi dine personlige oplysninger?<\/strong><\/li><\/ol><p>Dine personlige oplysninger vil blive opbevaret s\u00e5 l\u00e6nge, som det med rimelighed er n\u00f8dvendigt til de form\u00e5l, som oplysningerne i f\u00f8rste omgang blev indsamlet til.<\/p><p>N\u00e5r du bestiller varer p\u00e5 vores hjemmeside, bliver oplysningerne om dit k\u00f8b, faktureringsoplysninger, modtager mv. som udgangspunkt opbevaret i fem \u00e5r efter k\u00f8bet for at overholde vores retlige forpligtelser efter bogf\u00f8ringsloven.<\/p><p>Hvis du tilmelder dig vores nyhedsbrev, gemmer vi som udgangspunkt dine personoplysninger, indtil 2 m\u00e5neder efter du tr\u00e6kker dit samtykke tilbage. Hvis du tr\u00e6kker dit samtykke tilbage, opbevarer vi udelukkende dine oplysninger med henblik p\u00e5 at kunne dokumentere, at du har givet samtykke til at modtage vores nyhedsbrev.<\/p><p>Hvis du deltager i konkurrencer eller tilfredshedsunders\u00f8gelser, opbevarer vi som udgangspunkt dine personoplysninger i 2 \u00e5r efter konkurrencen eller tilfredshedsunders\u00f8gelsen er afsluttet.<\/p><ol start=\"12\"><li><strong> Dine rettigheder<\/strong><\/li><\/ol><p>Det f\u00f8lger af persondataforordningen, at du har en r\u00e6kke rettigheder, s\u00e5 l\u00e6nge vi behandler personoplysninger om dig. Du kan l\u00e6se mere om dine rettigheder her:<\/p><p>&#8211; Du har ret til indsigt i, hvilke personoplysninger vi behandler om dig<\/p><p>&#8211; Du har i visse tilf\u00e6lde ret til at f\u00e5 berigtiget og ajourf\u00f8rt de personoplysninger, som er \u00e5benlyst og objektivt urigtige<\/p><p>&#8211; Du har i visse tilf\u00e6lde ret til at f\u00e5 slettet dine personoplysninger<\/p><p>&#8211; Du har ret til frit at tr\u00e6kke dit samtykke tilbage<\/p><p>&#8211; Du har i visse tilf\u00e6lde ret til at f\u00e5 begr\u00e6nset behandlingen af dine personoplysninger<\/p><p>&#8211; Du har i visse tilf\u00e6lde ret til at modtage dine personoplysninger i et struktureret, almindeligt anvendt og maskinl\u00e6sbart format og til at transmittere disse oplysninger til en anden dataansvarlig end Stige Blomster<\/p><p>&#8211; Du har i visse tilf\u00e6lde ret til at g\u00f8re indsigelse mod behandlingen af dine personoplysninger, herunder fx hvis behandlingen sker p\u00e5 baggrund af persondataforordningens art. 6, stk. 1(f)<\/p><p>&#8211; Du har i visse tilf\u00e6lde ret til ikke at v\u00e6re genstand for afg\u00f8relser, der alene baseres p\u00e5 automatisk behandling, herunder profilering<\/p><ol start=\"15\"><li><strong> Hvordan sikrer vi dine personlige oplysninger?<\/strong><\/li><\/ol><p>Vi har i Stige Blomster har indf\u00f8rt passende tekniske og organisatoriske sikkerhedsforanstaltninger mod, at dine personoplysninger h\u00e6ndeligt eller ulovligt tilintetg\u00f8res, fortabes, \u00e6ndres eller forringes samt mod, at dine personoplysninger kommer til uvedkommendes kendskab eller misbruges.<\/p><p>Vi sikrer l\u00f8bende, at det udelukkende er de medarbejdere, der reelt har behov for at f\u00e5 adgang til dine personoplysninger for at udf\u00f8re deres arbejde, som har adgang til disse.<\/p><p>Fysisk materiale opbevares afl\u00e5st og uden adgang for uvedkommende.<\/p><p>Oplysningerne registreres i vores database i ukrypteret form. Data mellem Stige Blomsters forskellige applikationer transmitteres krypteret via XML (SSL).<\/p><p>Derudover er der etableret de n\u00f8dvendige interne procedurer, som skal sikre, at Stige Blomster er i stand til hurtigt at reagere, hvis der mod forventning skulle ske brud p\u00e5 persondatasikkerheden.<\/p><ol start=\"16\"><li><strong> Klage<\/strong><\/li><\/ol><p>Hvis du \u00f8nsker at indgive en klage eller er bekymret for, hvordan vi anvender dine personoplysninger, h\u00e5ber vi, at du i f\u00f8rste omgang vil kontakte os, s\u00e5 vi kan finde en l\u00f8sning p\u00e5 dit problem hurtigst muligt.<\/p><p>Du har til enhver tid ogs\u00e5 ret til at indgive en klage til Datatilsynet, hvis du finder m\u00e5den, hvorp\u00e5 vi behandler dine personoplysninger om dig utilfredsstillende.<\/p><p>Du finder Datatilsynets kontaktoplysninger og klagevejledning p\u00e5 www.datatilsynet.dk.<\/p><p><strong>Cookiepolitik for Stige Blomster<\/strong><\/p><p>En cookie er en lille tekstfil, der lagres i din browser og genkendes af websitet ved tilbagevendende bes\u00f8g, og som g\u00f8r det muligt at sende individualiseret information til din browser. En cookie kan indeholde tekst, tal eller f.eks. en dato, men der er ingen personlige oplysninger gemt i en cookie. Der er ikke tale om et program, og den kan ikke indeholde virus.<\/p><p>Cookies, der er tilsendt dig fra vores website, vil blive opbevaret i h\u00f8jst 24 m\u00e5neder fra sidste gang, du bes\u00f8gte vores website. Hver gang du genbes\u00f8ger vores website, vil perioden automatisk blive forl\u00e6nget.<\/p><p>Vi bruger cookies for at fastl\u00e6gge, hvem der bes\u00f8ger vores website, til at f\u00f8re demografiske og brugerrelaterede statistikker og til at m\u00e5lrette vores markedsf\u00f8ring. P\u00e5 den m\u00e5de f\u00e5r vi mulighed for at tilpasse og oprette indhold og tjenester, der stemmer overens med dine og \u00f8vrige brugeres interesser og \u00f8nsker.<\/p><p>De anvendte cookies kan overordnet inddeles i f\u00f8lgende kategorier:<\/p><p>&#8211;\u00a0N\u00f8dvendige cookies, der g\u00f8r det muligt for dig at bev\u00e6ge dig rundt p\u00e5 vores hjemmeside, herunder tilg\u00e5 de funktioner, der befinder sig herp\u00e5,<\/p><p>&#8211;\u00a0Funktionelle cookies, der tillader vores hjemmeside at huske de valg, du tidligere har foretaget,<\/p><p>&#8211;\u00a0Performance cookies,\u00a0der indsamler information om, hvordan bes\u00f8gende anvender vores hjemmeside, uden dog at identificere vedkommende samt<\/p><p>&#8211;\u00a0M\u00e5lrettede cookies,\u00a0der prim\u00e6rt anvendes med henblik p\u00e5 at vise dig indhold p\u00e5 vores hjemmeside, der ud fra dine interesser er relevante for dig.<\/p><p>Du kan l\u00e6se mere om de cookies vi anvender og \u00e6ndre i dine samtykkeindstillinger ved at klikke p\u00e5 det lille ikon i h\u00f8jre hj\u00f8rne p\u00e5 forsiden af vores hjemmeside www.stigeblomster.dk<\/p><p>Hvis du ikke \u00f8nsker at modtage cookies, kan du blokere for alle cookies, slette eksisterende cookies eller modtage en advarsel, f\u00f8r der gemmes cookies. Dette kan dog f\u00f8re til en reducering af funktionaliteten p\u00e5 vores hjemmeside.<\/p><p>Du kan indhente yderligere oplysninger om, hvordan du undg\u00e5r cookies ved at f\u00f8lge Erhvervsstyrelsens vejledning herom. Erhvervsstyrelsens vejledning kan tilg\u00e5s ved at klikke p\u00e5 dette link: https:\/\/erhvervsstyrelsen.dk\/saadan-undgaar-du-cookies.<\/p>\t\t\t\t\t\t\t\t<\/div>\n\t\t\t\t<\/div>\n\t\t\t\t\t<\/div>\n\t\t<\/div>\n\t\t\t\t\t<\/div>\n\t\t<\/section>\n\t\t\t\t<\/div>\n\t\t","protected":false},"excerpt":{"rendered":"<p>Opdateret 30. marts 2023 Databeskyttelsespolitik for Stige Blomster Privatlivspolitik for Stige Blomster, Stige blomster er en del af virksomheden Virkelyst ApS Kirkegyden 80 \u00a05270 Odense NV CVR NR 27013899 Indledning Hos Stige Blomster indsamler og anvender vi personoplysninger om vores brugere og kunder. Form\u00e5let med denne privatlivspolitik er at give dig en letforst\u00e5elig forklaring p\u00e5, [&hellip;]<\/p>\n","protected":false},"author":1,"featured_media":0,"parent":0,"menu_order":0,"comment_status":"closed","ping_status":"open","template":"","meta":{"site-sidebar-layout":"default","site-content-layout":"","ast-site-content-layout":"","site-content-style":"default","site-sidebar-style":"default","ast-global-header-display":"","ast-banner-title-visibility":"","ast-main-header-display":"","ast-hfb-above-header-display":"","ast-hfb-below-header-display":"","ast-hfb-mobile-header-display":"","site-post-title":"","ast-breadcrumbs-content":"","ast-featured-img":"","footer-sml-layout":"","theme-transparent-header-meta":"","adv-header-id-meta":"","stick-header-meta":"","header-above-stick-meta":"","header-main-stick-meta":"","header-below-stick-meta":"","astra-migrate-meta-layouts":"default","ast-page-background-enabled":"default","ast-page-background-meta":{"desktop":{"background-color":"var(--ast-global-color-4)","background-image":"","background-repeat":"repeat","background-position":"center center","background-size":"auto","background-attachment":"scroll","background-type":"","background-media":"","overlay-type":"","overlay-color":"","overlay-opacity":"","overlay-gradient":""},"tablet":{"background-color":"","background-image":"","background-repeat":"repeat","background-position":"center center","background-size":"auto","background-attachment":"scroll","background-type":"","background-media":"","overlay-type":"","overlay-color":"","overlay-opacity":"","overlay-gradient":""},"mobile":{"background-color":"","background-image":"","background-repeat":"repeat","background-position":"center center","background-size":"auto","background-attachment":"scroll","background-type":"","background-media":"","overlay-type":"","overlay-color":"","overlay-opacity":"","overlay-gradient":""}},"ast-content-background-meta":{"desktop":{"background-color":"var(--ast-global-color-5)","background-image":"","background-repeat":"repeat","background-position":"center center","background-size":"auto","background-attachment":"scroll","background-type":"","background-media":"","overlay-type":"","overlay-color":"","overlay-opacity":"","overlay-gradient":""},"tablet":{"background-color":"var(--ast-global-color-5)","background-image":"","background-repeat":"repeat","background-position":"center center","background-size":"auto","background-attachment":"scroll","background-type":"","background-media":"","overlay-type":"","overlay-color":"","overlay-opacity":"","overlay-gradient":""},"mobile":{"background-color":"var(--ast-global-color-5)","background-image":"","background-repeat":"repeat","background-position":"center center","background-size":"auto","background-attachment":"scroll","background-type":"","background-media":"","overlay-type":"","overlay-color":"","overlay-opacity":"","overlay-gradient":""}},"footnotes":""},"class_list":["post-3","page","type-page","status-publish","hentry"],"_links":{"self":[{"href":"https:\/\/stige-blomster.dk\/index.php\/wp-json\/wp\/v2\/pages\/3","targetHints":{"allow":["GET"]}}],"collection":[{"href":"https:\/\/stige-blomster.dk\/index.php\/wp-json\/wp\/v2\/pages"}],"about":[{"href":"https:\/\/stige-blomster.dk\/index.php\/wp-json\/wp\/v2\/types\/page"}],"author":[{"embeddable":true,"href":"https:\/\/stige-blomster.dk\/index.php\/wp-json\/wp\/v2\/users\/1"}],"replies":[{"embeddable":true,"href":"https:\/\/stige-blomster.dk\/index.php\/wp-json\/wp\/v2\/comments?post=3"}],"version-history":[{"count":15,"href":"https:\/\/stige-blomster.dk\/index.php\/wp-json\/wp\/v2\/pages\/3\/revisions"}],"predecessor-version":[{"id":2455,"href":"https:\/\/stige-blomster.dk\/index.php\/wp-json\/wp\/v2\/pages\/3\/revisions\/2455"}],"wp:attachment":[{"href":"https:\/\/stige-blomster.dk\/index.php\/wp-json\/wp\/v2\/media?parent=3"}],"curies":[{"name":"wp","href":"https:\/\/api.w.org\/{rel}","templated":true}]}}